{"id":8273,"date":"2019-11-29T16:46:56","date_gmt":"2019-11-29T14:46:56","guid":{"rendered":"https:\/\/www.capcargo.com\/?page_id=8273"},"modified":"2021-09-21T12:22:04","modified_gmt":"2021-09-21T10:22:04","slug":"logistic-service-providers","status":"publish","type":"page","link":"https:\/\/www.capcargo.com\/en\/logistic-service-providers\/","title":{"rendered":"Logistic service providers"},"content":{"rendered":"<div class=\"fusion-fullwidth fullwidth-box fusion-builder-row-1 hundred-percent-fullwidth non-hundred-percent-height-scrolling\" style=\"--awb-border-radius-top-left:0px;--awb-border-radius-top-right:0px;--awb-border-radius-bottom-right:0px;--awb-border-radius-bottom-left:0px;\" ><div class=\"fusion-builder-row fusion-row\"><div class=\"fusion-layout-column fusion_builder_column fusion-builder-column-0 fusion_builder_column_1_3 1_3 fusion-one-third fusion-column-first\" style=\"--awb-bg-size:cover;width:33.333333333333%;width:calc(33.333333333333% - ( ( 4% + 4% ) * 0.33333333333333 ) );margin-right: 4%;\"><div class=\"fusion-column-wrapper fusion-column-has-shadow fusion-flex-column-wrapper-legacy\"><div class=\"fusion-content-boxes content-boxes columns row fusion-columns-1 fusion-columns-total-1 fusion-content-boxes-1 content-boxes-icon-boxed content-left\" style=\"--awb-backgroundcolor:#ef9b11;--awb-iconcolor:#ef9b11;--awb-hover-accent-color:#ffffff;--awb-circle-hover-accent-color:#ffffff;--awb-item-margin-bottom:40px;\" data-animationoffset=\"top-into-view\"><div style=\"--awb-backgroundcolor:#ef9b11;--awb-iconcolor:#ef9b11;\" class=\"fusion-column content-box-column content-box-column content-box-column-1 col-lg-12 col-md-12 col-sm-12 fusion-content-box-hover content-box-column-last content-box-column-last-in-row\"><div class=\"col content-box-wrapper content-wrapper-background content-wrapper-boxed link-area-link-icon link-type-text icon-hover-animation-pulsate\" data-animationoffset=\"top-into-view\"><div class=\"heading icon-left\"><a class=\"heading-link\" href=\"https:\/\/www.capcargo.com\/en\/ltl-general-cargo\/\" target=\"_self\"><h3 class=\"content-box-heading fusion-responsive-typography-calculated\" style=\"--h3_typography-font-size:30px;--fontSize:30;line-height:1.45;\">LTL \/ general cargo<\/h3><\/a><\/div><\/div><\/div><div class=\"fusion-clearfix\"><\/div><\/div><div class=\"fusion-clearfix\"><\/div><\/div><\/div><div class=\"fusion-layout-column fusion_builder_column fusion-builder-column-1 fusion_builder_column_1_3 1_3 fusion-one-third\" style=\"--awb-bg-size:cover;width:33.333333333333%;width:calc(33.333333333333% - ( ( 4% + 4% ) * 0.33333333333333 ) );margin-right: 4%;\"><div class=\"fusion-column-wrapper fusion-column-has-shadow fusion-flex-column-wrapper-legacy\"><div class=\"fusion-content-boxes content-boxes columns row fusion-columns-1 fusion-columns-total-1 fusion-content-boxes-2 content-boxes-icon-boxed content-left\" style=\"--awb-backgroundcolor:#ef9b11;--awb-iconcolor:#ef9b11;--awb-hover-accent-color:#ffffff;--awb-circle-hover-accent-color:#ffffff;--awb-item-margin-bottom:40px;\" data-animationoffset=\"top-into-view\"><div style=\"--awb-backgroundcolor:#ef9b11;--awb-iconcolor:#ef9b11;\" class=\"fusion-column content-box-column content-box-column content-box-column-1 col-lg-12 col-md-12 col-sm-12 fusion-content-box-hover content-box-column-last content-box-column-last-in-row\"><div class=\"col content-box-wrapper content-wrapper-background content-wrapper-boxed link-area-link-icon link-type-text icon-hover-animation-pulsate\" data-animationoffset=\"top-into-view\"><div class=\"heading icon-left\"><a class=\"heading-link\" href=\"https:\/\/www.capcargo.com\/en\/ftl-part-and-full-load\/\" target=\"_self\"><h3 class=\"content-box-heading fusion-responsive-typography-calculated\" style=\"--h3_typography-font-size:30px;--fontSize:30;line-height:1.45;\">FTL \/ part and full load<\/h3><\/a><\/div><\/div><\/div><div class=\"fusion-clearfix\"><\/div><\/div><div class=\"fusion-clearfix\"><\/div><\/div><\/div><div class=\"fusion-layout-column fusion_builder_column fusion-builder-column-2 fusion_builder_column_1_3 1_3 fusion-one-third fusion-column-last\" style=\"--awb-bg-size:cover;width:33.333333333333%;width:calc(33.333333333333% - ( ( 4% + 4% ) * 0.33333333333333 ) );\"><div class=\"fusion-column-wrapper fusion-column-has-shadow fusion-flex-column-wrapper-legacy\"><div class=\"fusion-content-boxes content-boxes columns row fusion-columns-1 fusion-columns-total-1 fusion-content-boxes-3 content-boxes-icon-boxed content-left\" style=\"--awb-backgroundcolor:#ef9b11;--awb-iconcolor:#ef9b11;--awb-hover-accent-color:#ffffff;--awb-circle-hover-accent-color:#ffffff;--awb-item-margin-bottom:40px;\" data-animationoffset=\"top-into-view\"><div style=\"--awb-backgroundcolor:#ef9b11;--awb-iconcolor:#ef9b11;\" class=\"fusion-column content-box-column content-box-column content-box-column-1 col-lg-12 col-md-12 col-sm-12 fusion-content-box-hover content-box-column-last content-box-column-last-in-row\"><div class=\"col content-box-wrapper content-wrapper-background content-wrapper-boxed link-area-link-icon link-type-text icon-hover-animation-pulsate\" data-animationoffset=\"top-into-view\"><div class=\"heading icon-left\"><a class=\"heading-link\" href=\"https:\/\/www.capcargo.com\/en\/home-delivery\/\" target=\"_self\"><h3 class=\"content-box-heading fusion-responsive-typography-calculated\" style=\"--h3_typography-font-size:30px;--fontSize:30;line-height:1.45;\">Home delivery<\/h3><\/a><\/div><\/div><\/div><div class=\"fusion-clearfix\"><\/div><\/div><div class=\"fusion-clearfix\"><\/div><\/div><\/div><\/div><\/div>","protected":false},"excerpt":{"rendered":"","protected":false},"author":1,"featured_media":0,"parent":0,"menu_order":0,"comment_status":"closed","ping_status":"closed","template":"100-width.php","meta":{"_monsterinsights_skip_tracking":false,"_monsterinsights_sitenote_active":false,"_monsterinsights_sitenote_note":"","_monsterinsights_sitenote_category":0,"footnotes":""},"class_list":["post-8273","page","type-page","status-publish","hentry"],"yoast_head":"<!-- This site is optimized with the Yoast SEO plugin v26.0 - https:\/\/yoast.com\/wordpress\/plugins\/seo\/ -->\n<title>Transportdienstleister - CAP.Transport die passende L\u00f6sung<\/title>\n<meta name=\"description\" content=\"Unsere Anwendung CAP.Transport bietet verschiedenen Transportdienstleistern eine wichtige Unterst\u00fctzung in ihrem Tagesgesch\u00e4ft.\" \/>\n<meta name=\"robots\" content=\"index, follow, max-snippet:-1, max-image-preview:large, max-video-preview:-1\" \/>\n<link rel=\"canonical\" href=\"https:\/\/www.capcargo.com\/en\/logistic-service-providers\/\" \/>\n<meta property=\"og:locale\" content=\"en_GB\" \/>\n<meta property=\"og:type\" content=\"article\" \/>\n<meta property=\"og:title\" content=\"Transportdienstleister - CAP.Transport die passende L\u00f6sung\" \/>\n<meta property=\"og:description\" content=\"Unsere Anwendung CAP.Transport bietet verschiedenen Transportdienstleistern eine wichtige Unterst\u00fctzung in ihrem Tagesgesch\u00e4ft.\" \/>\n<meta property=\"og:url\" content=\"https:\/\/www.capcargo.com\/en\/logistic-service-providers\/\" \/>\n<meta property=\"og:site_name\" content=\"CAPcargo AG\" \/>\n<meta property=\"article:publisher\" content=\"https:\/\/www.facebook.com\/pages\/category\/Software-Company\/CAPcargo-AG-148899175228689\/\" \/>\n<meta property=\"article:modified_time\" content=\"2021-09-21T10:22:04+00:00\" \/>\n<meta property=\"og:image\" content=\"https:\/\/www.capcargo.com\/wp-content\/uploads\/2019\/02\/CAPcargo-logo-cmyk.jpg\" \/>\n\t<meta property=\"og:image:width\" content=\"250\" \/>\n\t<meta property=\"og:image:height\" content=\"57\" \/>\n\t<meta property=\"og:image:type\" content=\"image\/jpeg\" \/>\n<meta name=\"twitter:card\" content=\"summary_large_image\" \/>\n<meta name=\"twitter:label1\" content=\"Estimated reading time\" \/>\n\t<meta name=\"twitter:data1\" content=\"6 minutes\" \/>\n<script type=\"application\/ld+json\" class=\"yoast-schema-graph\">{\"@context\":\"https:\/\/schema.org\",\"@graph\":[{\"@type\":\"WebPage\",\"@id\":\"https:\/\/www.capcargo.com\/en\/logistic-service-providers\/\",\"url\":\"https:\/\/www.capcargo.com\/en\/logistic-service-providers\/\",\"name\":\"Transportdienstleister - CAP.Transport die passende L\u00f6sung\",\"isPartOf\":{\"@id\":\"https:\/\/www.capcargo.com\/en\/#website\"},\"datePublished\":\"2019-11-29T14:46:56+00:00\",\"dateModified\":\"2021-09-21T10:22:04+00:00\",\"description\":\"Unsere Anwendung CAP.Transport bietet verschiedenen Transportdienstleistern eine wichtige Unterst\u00fctzung in ihrem Tagesgesch\u00e4ft.\",\"breadcrumb\":{\"@id\":\"https:\/\/www.capcargo.com\/en\/logistic-service-providers\/#breadcrumb\"},\"inLanguage\":\"en-GB\",\"potentialAction\":[{\"@type\":\"ReadAction\",\"target\":[\"https:\/\/www.capcargo.com\/en\/logistic-service-providers\/\"]}]},{\"@type\":\"BreadcrumbList\",\"@id\":\"https:\/\/www.capcargo.com\/en\/logistic-service-providers\/#breadcrumb\",\"itemListElement\":[{\"@type\":\"ListItem\",\"position\":1,\"name\":\"Startseite\",\"item\":\"https:\/\/www.capcargo.com\/en\/\"},{\"@type\":\"ListItem\",\"position\":2,\"name\":\"Transportdienstleister\"}]},{\"@type\":\"WebSite\",\"@id\":\"https:\/\/www.capcargo.com\/en\/#website\",\"url\":\"https:\/\/www.capcargo.com\/en\/\",\"name\":\"CAPcargo AG\",\"description\":\"Consulting and Software Applications for cargo industry\",\"publisher\":{\"@id\":\"https:\/\/www.capcargo.com\/en\/#organization\"},\"potentialAction\":[{\"@type\":\"SearchAction\",\"target\":{\"@type\":\"EntryPoint\",\"urlTemplate\":\"https:\/\/www.capcargo.com\/en\/?s={search_term_string}\"},\"query-input\":{\"@type\":\"PropertyValueSpecification\",\"valueRequired\":true,\"valueName\":\"search_term_string\"}}],\"inLanguage\":\"en-GB\"},{\"@type\":\"Organization\",\"@id\":\"https:\/\/www.capcargo.com\/en\/#organization\",\"name\":\"CAPcargo AG\",\"url\":\"https:\/\/www.capcargo.com\/en\/\",\"logo\":{\"@type\":\"ImageObject\",\"inLanguage\":\"en-GB\",\"@id\":\"https:\/\/www.capcargo.com\/en\/#\/schema\/logo\/image\/\",\"url\":\"https:\/\/www.capcargo.com\/wp-content\/uploads\/2019\/02\/CAPcargo-logo-cmyk.jpg\",\"contentUrl\":\"https:\/\/www.capcargo.com\/wp-content\/uploads\/2019\/02\/CAPcargo-logo-cmyk.jpg\",\"width\":250,\"height\":57,\"caption\":\"CAPcargo AG\"},\"image\":{\"@id\":\"https:\/\/www.capcargo.com\/en\/#\/schema\/logo\/image\/\"},\"sameAs\":[\"https:\/\/www.facebook.com\/pages\/category\/Software-Company\/CAPcargo-AG-148899175228689\/\",\"https:\/\/www.linkedin.com\/company\/capcargo-ag\/?viewAsMember=true\"]}]}<\/script>\n<!-- \/ Yoast SEO plugin. -->","yoast_head_json":{"title":"Transportdienstleister - CAP.Transport die passende L\u00f6sung","description":"Unsere Anwendung CAP.Transport bietet verschiedenen Transportdienstleistern eine wichtige Unterst\u00fctzung in ihrem Tagesgesch\u00e4ft.","robots":{"index":"index","follow":"follow","max-snippet":"max-snippet:-1","max-image-preview":"max-image-preview:large","max-video-preview":"max-video-preview:-1"},"canonical":"https:\/\/www.capcargo.com\/en\/logistic-service-providers\/","og_locale":"en_GB","og_type":"article","og_title":"Transportdienstleister - CAP.Transport die passende L\u00f6sung","og_description":"Unsere Anwendung CAP.Transport bietet verschiedenen Transportdienstleistern eine wichtige Unterst\u00fctzung in ihrem Tagesgesch\u00e4ft.","og_url":"https:\/\/www.capcargo.com\/en\/logistic-service-providers\/","og_site_name":"CAPcargo AG","article_publisher":"https:\/\/www.facebook.com\/pages\/category\/Software-Company\/CAPcargo-AG-148899175228689\/","article_modified_time":"2021-09-21T10:22:04+00:00","og_image":[{"width":250,"height":57,"url":"https:\/\/www.capcargo.com\/wp-content\/uploads\/2019\/02\/CAPcargo-logo-cmyk.jpg","type":"image\/jpeg"}],"twitter_card":"summary_large_image","twitter_misc":{"Estimated reading time":"6 minutes"},"schema":{"@context":"https:\/\/schema.org","@graph":[{"@type":"WebPage","@id":"https:\/\/www.capcargo.com\/en\/logistic-service-providers\/","url":"https:\/\/www.capcargo.com\/en\/logistic-service-providers\/","name":"Transportdienstleister - CAP.Transport die passende L\u00f6sung","isPartOf":{"@id":"https:\/\/www.capcargo.com\/en\/#website"},"datePublished":"2019-11-29T14:46:56+00:00","dateModified":"2021-09-21T10:22:04+00:00","description":"Unsere Anwendung CAP.Transport bietet verschiedenen Transportdienstleistern eine wichtige Unterst\u00fctzung in ihrem Tagesgesch\u00e4ft.","breadcrumb":{"@id":"https:\/\/www.capcargo.com\/en\/logistic-service-providers\/#breadcrumb"},"inLanguage":"en-GB","potentialAction":[{"@type":"ReadAction","target":["https:\/\/www.capcargo.com\/en\/logistic-service-providers\/"]}]},{"@type":"BreadcrumbList","@id":"https:\/\/www.capcargo.com\/en\/logistic-service-providers\/#breadcrumb","itemListElement":[{"@type":"ListItem","position":1,"name":"Startseite","item":"https:\/\/www.capcargo.com\/en\/"},{"@type":"ListItem","position":2,"name":"Transportdienstleister"}]},{"@type":"WebSite","@id":"https:\/\/www.capcargo.com\/en\/#website","url":"https:\/\/www.capcargo.com\/en\/","name":"CAPcargo AG","description":"Consulting and Software Applications for cargo industry","publisher":{"@id":"https:\/\/www.capcargo.com\/en\/#organization"},"potentialAction":[{"@type":"SearchAction","target":{"@type":"EntryPoint","urlTemplate":"https:\/\/www.capcargo.com\/en\/?s={search_term_string}"},"query-input":{"@type":"PropertyValueSpecification","valueRequired":true,"valueName":"search_term_string"}}],"inLanguage":"en-GB"},{"@type":"Organization","@id":"https:\/\/www.capcargo.com\/en\/#organization","name":"CAPcargo AG","url":"https:\/\/www.capcargo.com\/en\/","logo":{"@type":"ImageObject","inLanguage":"en-GB","@id":"https:\/\/www.capcargo.com\/en\/#\/schema\/logo\/image\/","url":"https:\/\/www.capcargo.com\/wp-content\/uploads\/2019\/02\/CAPcargo-logo-cmyk.jpg","contentUrl":"https:\/\/www.capcargo.com\/wp-content\/uploads\/2019\/02\/CAPcargo-logo-cmyk.jpg","width":250,"height":57,"caption":"CAPcargo AG"},"image":{"@id":"https:\/\/www.capcargo.com\/en\/#\/schema\/logo\/image\/"},"sameAs":["https:\/\/www.facebook.com\/pages\/category\/Software-Company\/CAPcargo-AG-148899175228689\/","https:\/\/www.linkedin.com\/company\/capcargo-ag\/?viewAsMember=true"]}]}},"_links":{"self":[{"href":"https:\/\/www.capcargo.com\/en\/wp-json\/wp\/v2\/pages\/8273","targetHints":{"allow":["GET"]}}],"collection":[{"href":"https:\/\/www.capcargo.com\/en\/wp-json\/wp\/v2\/pages"}],"about":[{"href":"https:\/\/www.capcargo.com\/en\/wp-json\/wp\/v2\/types\/page"}],"author":[{"embeddable":true,"href":"https:\/\/www.capcargo.com\/en\/wp-json\/wp\/v2\/users\/1"}],"replies":[{"embeddable":true,"href":"https:\/\/www.capcargo.com\/en\/wp-json\/wp\/v2\/comments?post=8273"}],"version-history":[{"count":18,"href":"https:\/\/www.capcargo.com\/en\/wp-json\/wp\/v2\/pages\/8273\/revisions"}],"predecessor-version":[{"id":11426,"href":"https:\/\/www.capcargo.com\/en\/wp-json\/wp\/v2\/pages\/8273\/revisions\/11426"}],"wp:attachment":[{"href":"https:\/\/www.capcargo.com\/en\/wp-json\/wp\/v2\/media?parent=8273"}],"curies":[{"name":"wp","href":"https:\/\/api.w.org\/{rel}","templated":true}]}}